{"id":88,"date":"2017-10-21T17:38:51","date_gmt":"2017-10-21T15:38:51","guid":{"rendered":"http:\/\/ballonge.de\/?page_id=88"},"modified":"2019-07-27T23:07:54","modified_gmt":"2019-07-27T21:07:54","slug":"impressum","status":"publish","type":"page","link":"https:\/\/allonge.de\/index.php\/impressum\/","title":{"rendered":"Impressum"},"content":{"rendered":"<p>Verantwortlich f\u00fcr den Inhalt der Webseite ist Nadine Steinert.<br \/>\nTrotz sorgf\u00e4ltiger inhaltlicher Kontrolle \u00fcbernehmen wir keine Haftung f\u00fcr die Inhalte externer Links.<br \/>\nF\u00fcr den Inhalt der verlinkten Seiten sind ausschlie\u00dflich deren Betreibern verantwortlich.<\/p>\n<p>&#8222;Verbraucher haben die M\u00f6glichkeit eine alternative Streitbeilegung zu nutzen. Der folgende Link der EU-Kommission<br \/>\n(auch OS-Plattform genannt) enth\u00e4lt dazu weitere Informationen: <a href=\"http:\/\/ec.europa.eu\/consumers\/odr\" target=\"_blank\" rel=\"noopener noreferrer\">http:\/\/ec.europa.eu\/consumers\/odr<\/a> . Informationspflicht gem.<br \/>\nVerbraucherstreitbeilegungsgesetz (\u00a736 VSBG): Wir sind zur Teilnahme an Streitbeilegungsverfahren vor einer<br \/>\nVerbraucherschlichtungsstelle weder bereit noch verpflichtet.&#8220;<\/p>\n<p>Nach den Richtlinien der DSGVO, bitten wir um Beachtung unserer <a href=\"https:\/\/allonge.de\/PDF\/Datenschutzerkl\u00e4rung.pdf\" target=\"_blank\" rel=\"noopener noreferrer\">Datenschutzerkl\u00e4rung<\/a>!<\/p>\n<p>Inhaberin des Studio Allong\u00e9:<br \/>\nNadine Steinert<\/p>\n<p>Anschrift:<br \/>\nFriedrichshagener Str. 3<br \/>\n12555 Berlin &#8211; K\u00f6penick<\/p>\n<p>Telefon: 030 979 844 15<br \/>\nMobil: 0176 805 802 91<br \/>\nE-Mail : mail@allonge.de<br \/>\nInternet : www.allonge.de<\/p>\n<p>Kontakt \u00fcber unser <strong><a href=\"https:\/\/allonge.de\/index.php\/kontakt\/\" target=\"_blank\" rel=\"noopener noreferrer\">Kontakformular<\/a><\/strong>.<\/p>\n","protected":false},"excerpt":{"rendered":"<p>Verantwortlich f\u00fcr den Inhalt der Webseite ist Nadine Steinert. Trotz sorgf\u00e4ltiger inhaltlicher Kontrolle \u00fcbernehmen wir keine Haftung f\u00fcr die Inhalte externer Links. F\u00fcr den Inhalt der verlinkten Seiten sind ausschlie\u00dflich deren Betreibern verantwortlich. &#8222;Verbraucher haben die M\u00f6glichkeit eine alternative Streitbeilegung zu nutzen. Der folgende Link der EU-Kommission (auch OS-Plattform genannt) enth\u00e4lt dazu weitere Informationen: http:\/\/ec.europa.eu\/consumers\/odr &hellip; <\/p>\n<p class=\"link-more\"><a href=\"https:\/\/allonge.de\/index.php\/impressum\/\" class=\"more-link\"><span class=\"screen-reader-text\">\u201eImpressum\u201c<\/span> weiterlesen<\/a><\/p>\n","protected":false},"author":1,"featured_media":0,"parent":0,"menu_order":0,"comment_status":"closed","ping_status":"closed","template":"","meta":{"footnotes":""},"class_list":["post-88","page","type-page","status-publish","hentry"],"_links":{"self":[{"href":"https:\/\/allonge.de\/index.php\/wp-json\/wp\/v2\/pages\/88","targetHints":{"allow":["GET"]}}],"collection":[{"href":"https:\/\/allonge.de\/index.php\/wp-json\/wp\/v2\/pages"}],"about":[{"href":"https:\/\/allonge.de\/index.php\/wp-json\/wp\/v2\/types\/page"}],"author":[{"embeddable":true,"href":"https:\/\/allonge.de\/index.php\/wp-json\/wp\/v2\/users\/1"}],"replies":[{"embeddable":true,"href":"https:\/\/allonge.de\/index.php\/wp-json\/wp\/v2\/comments?post=88"}],"version-history":[{"count":2,"href":"https:\/\/allonge.de\/index.php\/wp-json\/wp\/v2\/pages\/88\/revisions"}],"predecessor-version":[{"id":492,"href":"https:\/\/allonge.de\/index.php\/wp-json\/wp\/v2\/pages\/88\/revisions\/492"}],"wp:attachment":[{"href":"https:\/\/allonge.de\/index.php\/wp-json\/wp\/v2\/media?parent=88"}],"curies":[{"name":"wp","href":"https:\/\/api.w.org\/{rel}","templated":true}]}}