{"id":81,"date":"2017-10-21T17:38:51","date_gmt":"2017-10-21T15:38:51","guid":{"rendered":"http:\/\/ballonge.de\/?page_id=81"},"modified":"2026-03-19T15:04:33","modified_gmt":"2026-03-19T14:04:33","slug":"unsere-kurse","status":"publish","type":"page","link":"https:\/\/allonge.de\/index.php\/unsere-kurse\/","title":{"rendered":"Unsere Kurse"},"content":{"rendered":"\n<h2 class=\"wp-block-heading\"> Unsere Kurse in der \u00dcbersicht<\/h2>\n\n\n<div class=\"wp-block-image\">\n<figure class=\"alignright is-resized\"><a href=\"https:\/\/allonge.de\/index.php\/anmeldung\/\" target=\"_blank\" rel=\"noreferrer noopener\"><img decoding=\"async\" src=\"http:\/\/allonge.de\/graffix\/anmeld.jpg\" alt=\"\" style=\"width:250px\"\/><\/a><\/figure>\n<\/div>\n\n<ul>\n<li><a href=\"https:\/\/allonge.de\/index.php\/vormittag\/\"><span style=\"color: #ff0000;\"><strong>NEU &#8211; unsere Vormittagskurse<\/strong><\/span><\/a><\/li>\n<\/ul>\n<p>Mittwoch: R\u00fcckenfit, Zumba Gold (Easy Dance Fitness)<\/p>\n<p>Donnerstag: Pilates \/ Pilates &amp; Stretch, Healthy Ballet<\/p>\n<ul>\n<li><a href=\"https:\/\/allonge.de\/index.php\/bewegung\/\"><strong>Bewegungs- und Fitnesskurse<\/strong><\/a><\/li>\n<\/ul>\n<p>Full Body Workout &#8211; Dance Aerobic &#8211; Zumba\u00ae &#8211; STRONG Nation\u00ae<\/p>\n<ul>\n<li><a href=\"https:\/\/allonge.de\/index.php\/tanz-fuer-erwachsene\/\"><strong>Tanz f\u00fcr Erwachene<\/strong><\/a><\/li>\n<\/ul>\n<p><span style=\"color: #000000;\">Jazz Fusion &#8211; Stre<\/span>etdance f\u00fcr Erwachsene &#8211; Ballett f\u00fcr Erwachsene &#8211; Jazzdance f\u00fcr Erwachsene und Moderndance f\u00fcr Erwachsene &#8211; Zumba\u00ae &#8211; Dance Aerobic<\/p>\n<ul>\n<li><a href=\"https:\/\/allonge.de\/index.php\/tanz-fuer-kinder-und-jugendliche\/\"><strong>Tanz f\u00fcr Kinder und Jugendliche<\/strong><\/a><\/li>\n<\/ul>\n<p>Fit Kids-Bewegungsspiele (ab 2 Jahre) &#8211; Kreativer Kindertanz (3-8 Jahre) &#8211; Jazz- und Moderndance (ab 9 Jahre) &#8211; Preballett (ab 7 Jahre) &#8211; Klassisches Ballett (ab 9 Jahre) &#8211; Streetdance (ab 10 Jahre) &#8211; Breakdance<\/p>\n<ul>\n<li><strong><a href=\"https:\/\/allonge.de\/index.php\/ruecken-und-haltung\/\">R\u00fccken und Haltung<\/a><\/strong><\/li>\n<\/ul>\n<p>Pilates &#8211; Pilates &amp; Stretch &#8211; Yoga &#8211; Mobility &amp; Faszienfit &#8211; Ballett f\u00fcr Erwachsene<\/p>\n<p><strong>F\u00fcr Paare:<\/strong><\/p>\n<p><strong><a href=\"https:\/\/allonge.de\/index.php\/gesellschaftstanz\/\">Gesellschaftstanz<\/a> &#8211; <\/strong><a href=\"https:\/\/allonge.de\/index.php\/salsa\/\"><strong>Salsa<\/strong><\/a><\/p>","protected":false},"excerpt":{"rendered":"<p>Unsere Kurse in der \u00dcbersicht NEU &#8211; unsere Vormittagskurse Mittwoch: R\u00fcckenfit, Zumba Gold (Easy Dance Fitness) Donnerstag: Pilates \/ Pilates &amp; Stretch, Healthy Ballet Bewegungs- und Fitnesskurse Full Body Workout &#8211; Dance Aerobic &#8211; Zumba\u00ae &#8211; STRONG Nation\u00ae Tanz f\u00fcr Erwachene Jazz Fusion &#8211; Streetdance f\u00fcr Erwachsene &#8211; Ballett f\u00fcr Erwachsene &#8211; Jazzdance f\u00fcr Erwachsene &hellip; <\/p>\n<p class=\"link-more\"><a href=\"https:\/\/allonge.de\/index.php\/unsere-kurse\/\" class=\"more-link\"><span class=\"screen-reader-text\">\u201eUnsere Kurse\u201c<\/span> weiterlesen<\/a><\/p>\n","protected":false},"author":1,"featured_media":0,"parent":0,"menu_order":0,"comment_status":"closed","ping_status":"closed","template":"","meta":{"footnotes":""},"class_list":["post-81","page","type-page","status-publish","hentry"],"_links":{"self":[{"href":"https:\/\/allonge.de\/index.php\/wp-json\/wp\/v2\/pages\/81","targetHints":{"allow":["GET"]}}],"collection":[{"href":"https:\/\/allonge.de\/index.php\/wp-json\/wp\/v2\/pages"}],"about":[{"href":"https:\/\/allonge.de\/index.php\/wp-json\/wp\/v2\/types\/page"}],"author":[{"embeddable":true,"href":"https:\/\/allonge.de\/index.php\/wp-json\/wp\/v2\/users\/1"}],"replies":[{"embeddable":true,"href":"https:\/\/allonge.de\/index.php\/wp-json\/wp\/v2\/comments?post=81"}],"version-history":[{"count":26,"href":"https:\/\/allonge.de\/index.php\/wp-json\/wp\/v2\/pages\/81\/revisions"}],"predecessor-version":[{"id":3040,"href":"https:\/\/allonge.de\/index.php\/wp-json\/wp\/v2\/pages\/81\/revisions\/3040"}],"wp:attachment":[{"href":"https:\/\/allonge.de\/index.php\/wp-json\/wp\/v2\/media?parent=81"}],"curies":[{"name":"wp","href":"https:\/\/api.w.org\/{rel}","templated":true}]}}