{"id":369,"date":"2018-12-10T11:20:51","date_gmt":"2018-12-10T10:20:51","guid":{"rendered":"http:\/\/ballonge.de\/?page_id=369"},"modified":"2026-01-31T17:24:38","modified_gmt":"2026-01-31T16:24:38","slug":"salsa","status":"publish","type":"page","link":"https:\/\/allonge.de\/index.php\/salsa\/","title":{"rendered":"Salsa"},"content":{"rendered":"\n<h3 class=\"wp-block-heading has-text-align-center has-medium-font-size has-background\" style=\"background:linear-gradient(135deg,rgb(255,203,112) 0%,rgb(199,81,192) 77%,rgb(65,88,208) 100%)\"><span style=\"color: #993366;\"><strong>NEUER SALSA KURS &#8211; kubanisch<\/strong><\/span><\/h3>\n\n\n\n<h3 class=\"wp-block-heading has-text-align-center has-background\" style=\"background:linear-gradient(135deg,rgb(255,203,112) 0%,rgb(199,81,192) 78%,rgb(65,88,208) 100%)\"><span style=\"color: #993366;\"><strong>mit JUSTO<\/strong><\/span><\/h3>\n\n\n\n<h3 class=\"wp-block-heading has-text-align-center has-background\" style=\"background:linear-gradient(135deg,rgb(255,203,112) 0%,rgb(199,81,192) 76%,rgb(65,88,208) 100%)\"><span style=\"color: #993366;\"><strong>Dienstags: 20:30 &#8211; 21:30 Uhr<\/strong><\/span><\/h3>\n\n\n\n<h3 class=\"wp-block-heading has-text-align-center has-background\" style=\"background:linear-gradient(135deg,rgb(255,203,112) 0%,rgb(199,81,192) 73%,rgb(65,88,208) 100%)\"><span style=\"color: #993366;\"><strong>Start: 03.03.2026<br><\/strong><\/span><\/h3>\n\n\n\n<p class=\"has-text-align-center has-medium-font-size\"><strong>Du wolltest schon immer mal mit deinem Partner oder deiner Partnerin locker flockig die H\u00fcfte schwingen und zu lateinamerikanischer Musik tanzen?<\/strong><\/p>\n\n\n\n<p>Dann melde dich und deine\/n (Tanz-)Partner\/in noch heute f\u00fcr unseren SALSA-KURS an!<\/p>\n\n\n\n<p class=\"has-text-align-center has-text-color has-link-color wp-elements-d873281c0949127a5970f8c25e9617f8\" style=\"color:#0205f6\"><a href=\"https:\/\/allonge.de\/PDF\/anmeldung.pdf\" target=\"_blank\" rel=\"noreferrer noopener\"><strong>JETZT ANMELDEN<\/strong><\/a><\/p>\n\n\n\n<p><strong>Pro Kurs stehen 9 Termine zur Auswahl von denen 8 Termine buchbar sind.<\/strong><\/p>\n\n\n\n<p>Die Termine finden in der Regel fortlaufend am jeweiligen Wochentag statt,  werden jedoch zu Beginn des Kurses mit den Teilnehmern abgestimmt.<\/p>\n\n\n\n<p><strong>Bonus: <\/strong>Sollten alle 9 Termine f\u00fcr euch machbar sein, erhaltet ihr den letzten Termin geschenkt dazu.<\/p>\n\n\n\n<p>Anmelden \u00fcber unser <strong><a href=\"https:\/\/allonge.de\/index.php\/kontakt\/\" target=\"_blank\" rel=\"noopener noreferrer\">Kontaktformular<\/a>,<\/strong> per Email an mail@allonge.de oder mit dem <strong><a href=\"http:\/\/allonge.de\/PDF\/anmeldung.pdf\" target=\"_blank\" rel=\"noreferrer noopener\">Anmeldeformular<\/a><\/strong> zum ausdrucken.<\/p>\n\n\n\n<h2 class=\"wp-block-heading\">\u00dcber den Tanzstil SALSA:<\/h2>\n\n\n\n<p>Der moderne Gesellschaftstanz aus Lateinamerika vereint wunderbar die Lebenslust mit der Leidenschaft und ist dabei so vielf\u00e4ltig wie kaum ein anderer Tanz.<br>Merengue, Bachata und Chachacha geh\u00f6ren genauso dazu wie nat\u00fcrlich Salsa Cubana.<br>Justo ist geb\u00fcrtiger Kubaner und ist mit Salsa aufgewachsen. Er versteht es, mit viel Witz und Charme im Unterricht die Figuren und Schritte zu vermitteln.<\/p>\n","protected":false},"excerpt":{"rendered":"<p>NEUER SALSA KURS &#8211; kubanisch mit JUSTO Dienstags: 20:30 &#8211; 21:30 Uhr Start: 03.03.2026 Du wolltest schon immer mal mit deinem Partner oder deiner Partnerin locker flockig die H\u00fcfte schwingen und zu lateinamerikanischer Musik tanzen? Dann melde dich und deine\/n (Tanz-)Partner\/in noch heute f\u00fcr unseren SALSA-KURS an! JETZT ANMELDEN Pro Kurs stehen 9 Termine zur &hellip; <\/p>\n<p class=\"link-more\"><a href=\"https:\/\/allonge.de\/index.php\/salsa\/\" class=\"more-link\"><span class=\"screen-reader-text\">\u201eSalsa\u201c<\/span> weiterlesen<\/a><\/p>\n","protected":false},"author":1,"featured_media":0,"parent":0,"menu_order":0,"comment_status":"closed","ping_status":"closed","template":"","meta":{"footnotes":""},"class_list":["post-369","page","type-page","status-publish","hentry"],"_links":{"self":[{"href":"https:\/\/allonge.de\/index.php\/wp-json\/wp\/v2\/pages\/369","targetHints":{"allow":["GET"]}}],"collection":[{"href":"https:\/\/allonge.de\/index.php\/wp-json\/wp\/v2\/pages"}],"about":[{"href":"https:\/\/allonge.de\/index.php\/wp-json\/wp\/v2\/types\/page"}],"author":[{"embeddable":true,"href":"https:\/\/allonge.de\/index.php\/wp-json\/wp\/v2\/users\/1"}],"replies":[{"embeddable":true,"href":"https:\/\/allonge.de\/index.php\/wp-json\/wp\/v2\/comments?post=369"}],"version-history":[{"count":14,"href":"https:\/\/allonge.de\/index.php\/wp-json\/wp\/v2\/pages\/369\/revisions"}],"predecessor-version":[{"id":3022,"href":"https:\/\/allonge.de\/index.php\/wp-json\/wp\/v2\/pages\/369\/revisions\/3022"}],"wp:attachment":[{"href":"https:\/\/allonge.de\/index.php\/wp-json\/wp\/v2\/media?parent=369"}],"curies":[{"name":"wp","href":"https:\/\/api.w.org\/{rel}","templated":true}]}}