{"id":30,"date":"2017-10-19T21:07:08","date_gmt":"2017-10-19T19:07:08","guid":{"rendered":"http:\/\/ballonge.de\/?page_id=10"},"modified":"2026-01-06T10:15:42","modified_gmt":"2026-01-06T09:15:42","slug":"aktuelles","status":"publish","type":"page","link":"https:\/\/allonge.de\/index.php\/aktuelles\/","title":{"rendered":"Aktuelles"},"content":{"rendered":"\n<h2 class=\"wp-block-heading has-text-align-center\">Ferien und Schlie\u00dfzeiten<\/h2>\n\n\n\n<p><em>In den Ferienzeiten finden keine Kinder- und Sch\u00fclerkurse statt.<\/em><\/p>\n\n\n\n<p><em>W\u00e4hrend der Feiertage und unserer betrieblichen Schlie\u00dfzeiten ist das Studio geschlossen und es finden keinerlei Kurse statt.<\/em><\/p>\n\n\n\n<p>22.12.2025 &#8211; 04.01.2026 &#8211; Betriebsferien &#8211; geschlossen<\/p>\n\n\n\n<p>02.02. &#8211; 07.02.2026 &#8211; Winterferien &#8211; nur Erwachsenen-Kurse<\/p>\n\n\n\n<p>08.03.2026 &#8211; Feiertag (int. Frauentag) &#8211; geschlossen<\/p>\n\n\n\n<p>30.03. &#8211; 12.04.2026 &#8211; Osterferien &#8211; nur Erwachsenen-Kurse<\/p>\n\n\n\n<p>03.04. &#8211; 09.04.2026 &#8211; Feiertage (Karfreitag, Ostersonntag, Ostermontag) &#8211; geschlossen<\/p>\n\n\n\n<p>01.05.2026 &#8211; Feiertag (Tag der Arbeit) &#8211; geschlossen<\/p>\n\n\n\n<p>14.05.2026 &#8211; Feiertag (Christi Himmelfahrt) &#8211; geschlossen<\/p>\n\n\n\n<p>15.+16.05.2026 &#8211; Br\u00fcckentage &#8211; nur Erwachsenen-Kurse<\/p>\n\n\n\n<p>24.+25.05.2026 &#8211; Feiertage (Pfingstsonntag, Pfingstmontag) &#8211; geschlossen<\/p>\n\n\n\n<p>09.07. &#8211; 26.07.2026 &#8211; Sommerferien &#8211; Sommerkurse f\u00fcr Mitglieder<\/p>\n\n\n\n<p>27.07. &#8211; 09.08.2026 &#8211; Betriebsferien &#8211; geschlossen<\/p>\n\n\n\n<p>10.08.2026 &#8211; 23.08.2026 &#8211; Sommerferien &#8211; Sommerkurse f\u00fcr Mitglieder<\/p>\n\n\n\n<p>03.10.2026 &#8211; Feiertag (Tag der Deutschen Einheit) &#8211; geschlossen<\/p>\n\n\n\n<p>19.10. &#8211; 01.11.2026 &#8211; Herbstferien &#8211; nur Erwachsenen-Kurse<\/p>\n\n\n\n<p>23.12.2026 &#8211; 03.01.2027 &#8211; Betriebsferien &#8211; geschlossen<\/p>\n\n\n\n<h2 class=\"wp-block-heading has-text-align-center\">Termine<\/h2>\n\n\n\n<p><\/p>\n\n\n\n<h2 class=\"wp-block-heading has-text-align-center\">Allgemein und stets Aktuell<\/h2>\n\n\n\n<p class=\"has-text-align-center has-background\" style=\"background-color:#f472fb\"><strong>Du suchst ein neues Hobby? &#8211; Du suchst eine neue Sportart? &#8211; Du m\u00f6chtest dich mehr bewegen? &#8211; Du suchst einen Wohlf\u00fchlort neben deinem Zuhause? &#8211; Du suchst neue Freunde?<\/strong><\/p>\n\n\n\n<p><strong>Wir haben eine gro\u00dfe Auswahl an Kursen, qualifizierte und motivierende Trainer, jede Menge gute Laune und bieten eine warme, famili\u00e4re Atmosph\u00e4re in unserem Studio. &#8211; Alles f\u00fcr DEIN sportliches und gesundheitsbewusstes Freizeitvergn\u00fcgen<\/strong>.<\/p>\n\n\n\n<p>Schau doch mal rein und probier dich aus! Hier geht&#8217;s zum <a rel=\"noreferrer noopener\" aria-label=\" (\u00f6ffnet in neuem Tab)\" href=\"https:\/\/allonge.de\/PDF\/kursplan.pdf\" target=\"_blank\"><strong>Kursplan<\/strong><\/a>.<\/p>\n\n\n\n<p>Gerne kannst du dich auch bei unseren <strong><a href=\"https:\/\/allonge.de\/index.php\/angebote\/\">Angeboten<\/a><\/strong> umsehen &#8211; sicherlich findest du auch hier noch ein Grund mehr, dich zu bewegen!!<\/p>\n\n\n\n<p>Du hast deinen Kurs oder gleich mehrere gefunden? Dann kannst du dich <strong><a href=\"https:\/\/allonge.de\/index.php\/anmeldung\/\" target=\"_blank\" rel=\"noreferrer noopener\" aria-label=\"hier direkt f\u00fcr eine Probestunde anmelden (\u00f6ffnet in neuem Tab)\">hier direkt f\u00fcr eine Probestunde anmelden<\/a><\/strong>.<\/p>\n\n\n\n<p class=\"has-very-dark-gray-color has-text-color\">Derzeit l\u00e4uft unser Studio noch unter Auflagen und mit Hygienekonzept. Falls du Fragen zu den aktuellen Auflagen f\u00fcr unseren Betrieb hast, kontaktiere uns gerne per Mail an mail@allonge.de oder \u00fcber unser <a rel=\"noreferrer noopener\" aria-label=\" (\u00f6ffnet in neuem Tab)\" href=\"https:\/\/allonge.de\/index.php\/kontakt\/\" target=\"_blank\"><strong>Kontaktformular<\/strong><\/a>.<\/p>\n\n\n\n<p><\/p>\n\n\n\n<h5 class=\"wp-block-heading has-text-align-center\"><strong>NEU:<\/strong> <\/h5>\n\n\n\n<p>Wir haben f\u00fcr dich unsere <a href=\"https:\/\/allonge.de\/index.php\/faq-haeufige-fragen\/\"><strong>FAQ&#8217;s<\/strong><\/a> nun auf unserer Webseite integriert. <a href=\"https:\/\/allonge.de\/index.php\/faq-haeufige-fragen\/\">Hier<\/a> kannst du die Antworten auf deine Fragen schon im Vorfeld finden. Solltest du weitere Fragen haben oder einfach mehr wissen wollen, <a href=\"https:\/\/allonge.de\/index.php\/kontakt\/\">schreib uns einfach an<\/a>.<\/p>\n","protected":false},"excerpt":{"rendered":"<p>Ferien und Schlie\u00dfzeiten In den Ferienzeiten finden keine Kinder- und Sch\u00fclerkurse statt. W\u00e4hrend der Feiertage und unserer betrieblichen Schlie\u00dfzeiten ist das Studio geschlossen und es finden keinerlei Kurse statt. 22.12.2025 &#8211; 04.01.2026 &#8211; Betriebsferien &#8211; geschlossen 02.02. &#8211; 07.02.2026 &#8211; Winterferien &#8211; nur Erwachsenen-Kurse 08.03.2026 &#8211; Feiertag (int. Frauentag) &#8211; geschlossen 30.03. &#8211; 12.04.2026 &#8211; &hellip; <\/p>\n<p class=\"link-more\"><a href=\"https:\/\/allonge.de\/index.php\/aktuelles\/\" class=\"more-link\"><span class=\"screen-reader-text\">\u201eAktuelles\u201c<\/span> weiterlesen<\/a><\/p>\n","protected":false},"author":1,"featured_media":0,"parent":0,"menu_order":0,"comment_status":"closed","ping_status":"closed","template":"","meta":{"footnotes":""},"class_list":["post-30","page","type-page","status-publish","hentry"],"_links":{"self":[{"href":"https:\/\/allonge.de\/index.php\/wp-json\/wp\/v2\/pages\/30","targetHints":{"allow":["GET"]}}],"collection":[{"href":"https:\/\/allonge.de\/index.php\/wp-json\/wp\/v2\/pages"}],"about":[{"href":"https:\/\/allonge.de\/index.php\/wp-json\/wp\/v2\/types\/page"}],"author":[{"embeddable":true,"href":"https:\/\/allonge.de\/index.php\/wp-json\/wp\/v2\/users\/1"}],"replies":[{"embeddable":true,"href":"https:\/\/allonge.de\/index.php\/wp-json\/wp\/v2\/comments?post=30"}],"version-history":[{"count":33,"href":"https:\/\/allonge.de\/index.php\/wp-json\/wp\/v2\/pages\/30\/revisions"}],"predecessor-version":[{"id":3002,"href":"https:\/\/allonge.de\/index.php\/wp-json\/wp\/v2\/pages\/30\/revisions\/3002"}],"wp:attachment":[{"href":"https:\/\/allonge.de\/index.php\/wp-json\/wp\/v2\/media?parent=30"}],"curies":[{"name":"wp","href":"https:\/\/api.w.org\/{rel}","templated":true}]}}