{"id":28,"date":"2017-10-19T21:07:08","date_gmt":"2017-10-19T19:07:08","guid":{"rendered":"http:\/\/ballonge.de\/?page_id=4"},"modified":"2026-04-16T16:16:45","modified_gmt":"2026-04-16T14:16:45","slug":"startseite","status":"publish","type":"page","link":"https:\/\/allonge.de\/","title":{"rendered":"Startseite"},"content":{"rendered":"\n<h2 class=\"wp-block-heading has-text-align-center\"><strong>Willkommen auf der Seite des Allong\u00e9<\/strong>!<\/h2>\n\n\n\n<p><code> <marquee scrollamount=\"3\" scrolldelay=\"1\"> &gt;&gt; Liebe Besucher, im frischen Outfit geht es weiter bei uns mit Spa\u00df, Bewegung und Tanz ... tanzen an der Spree!! &lt;&lt; <\/marquee> <\/code><\/p>\n\n\n\n<p class=\"has-text-align-right has-text-color has-small-font-size\" style=\"color:#66244e\"><a href=\"https:\/\/allonge.de\/index.php\/angebote\/\">Hier geht es zu unseren <strong>Angeboten<\/strong><\/a><\/p>\n\n\n\n<p class=\"has-text-align-right has-text-color has-small-font-size\" style=\"color:#66244e\"><a href=\"https:\/\/allonge.de\/index.php\/aktuelles\/\">zu <\/a><strong><a href=\"https:\/\/allonge.de\/index.php\/aktuelles\/\">Aktuelles<\/a><\/strong><\/p>\n\n\n\n<p class=\"has-text-align-right has-text-color has-small-font-size\" style=\"color:#66244e\"><a href=\"https:\/\/allonge.de\/index.php\/ein-startseiten-abschnitt\/\">zu <\/a><strong><a href=\"https:\/\/allonge.de\/index.php\/ein-startseiten-abschnitt\/\">Neues bei uns<\/a><\/strong><\/p>\n\n\n<div class=\"wp-block-image\">\n<figure class=\"alignright is-resized\"><a href=\"https:\/\/allonge.de\/index.php\/anmeldung\/\" target=\"_blank\" rel=\"noreferrer noopener\"><img decoding=\"async\" src=\"http:\/\/allonge.de\/graffix\/anmeld.jpg\" alt=\"\" style=\"width:250px\"\/><\/a><\/figure>\n<\/div>\n\n\n\n\n<p class=\"has-text-align-center\"><\/p>\n\n\n\n<p class=\"has-text-align-center\"><\/p>\n\n\n\n<h2 class=\"wp-block-heading\"><\/h2>\n\n\n\n<div class=\"wp-block-group\"><div class=\"wp-block-group__inner-container is-layout-constrained wp-block-group-is-layout-constrained\">\n<div class=\"wp-block-group is-vertical is-content-justification-stretch is-nowrap is-layout-flex wp-container-core-group-is-layout-78803fe6 wp-block-group-is-layout-flex\">\n<h2 class=\"wp-block-heading has-text-align-center\"><strong><u>Unsere Schlie\u00dfzeiten im Mai 2026!<\/u><\/strong><\/h2>\n\n\n\n<p class=\"has-text-align-center has-background\" style=\"background:radial-gradient(rgb(252,185,0) 69%,rgb(255,105,0) 100%)\"><strong>Am 01.05.2026 (Tag der Arbeit), 14.05.2026 (Christi Himmelfahrt) und 24.05.-25.05.2026 (Pfingsten) bleibt das Studio aufgrund der Feiertage komplett geschlossen.<\/strong><\/p>\n\n\n\n<p class=\"has-text-align-center has-background\" style=\"background:radial-gradient(rgb(252,185,0) 69%,rgb(255,105,0) 100%)\">In den Berliner Schulferien vom 15.05.2026 bis einschlie\u00dflich 16.05.2026 und am 26.05.2026 finden keine Kinder- und Sch\u00fclerkurse statt! &#8211;  Bitte beachtet, dass am 2. Mai der Unterricht stattfindet.<\/p>\n\n\n\n<p class=\"has-text-align-center has-background\" style=\"background:radial-gradient(rgb(252,185,0) 69%,rgb(255,105,0) 100%)\"><strong>Wir w\u00fcnschen sch\u00f6ne Feiertage!<\/strong><\/p>\n\n\n\n<p class=\"has-text-align-center\"><\/p>\n<\/div>\n<\/div><\/div>\n\n\n\n<h2 class=\"wp-block-heading has-text-align-center has-text-color has-background has-large-font-size\" style=\"color:#093928;background:radial-gradient(rgb(202,248,128) 0%,rgb(113,206,126) 100%)\">Anstehende Veranstaltungen &amp; Termine:<\/h2>\n\n\n\n<h2 class=\"wp-block-heading has-text-align-center has-text-color has-background has-medium-font-size\" style=\"color:#093928;background:radial-gradient(rgb(202,248,128) 0%,rgb(113,206,126) 100%)\"><strong>31.05.2026 &#8211; Mini Tanzm\u00e4rchen und Tanzfestival Erwachsene<\/strong><\/h2>\n\n\n\n<h2 class=\"wp-block-heading has-text-align-center has-text-color has-background has-medium-font-size\" style=\"color:#093928;background:radial-gradient(rgb(202,248,128) 0%,rgb(113,206,126) 100%)\"><strong>20.+21.06.2026 &#8211; Auftrittsveranstaltungen f\u00fcr unsere Allong\u00e9-Sch\u00fclerkurse<\/strong><\/h2>\n\n\n\n<h2 class=\"wp-block-heading has-black-color has-blush-light-purple-gradient-background has-text-color has-background has-link-color wp-elements-ed7a4b5bbfb82bde5a80afaf139bf305\" style=\"font-style:normal;font-weight:600\">Ferien und Schlie\u00dfzeiten:<\/h2>\n\n\n\n<ul class=\"wp-block-list\">\n<li>01.05.2026 \u2013 Feiertag (Tag der Arbeit) \u2013 geschlossen (Kurse finden am 02.05.2026 statt)<\/li>\n\n\n\n<li>14.05.2026 \u2013 Feiertag (Christi Himmelfahrt) \u2013 geschlossen<\/li>\n\n\n\n<li>15.+16.05.2026 \u2013 Br\u00fcckentag \u2013 nur Erwachsenen-Kurse<\/li>\n\n\n\n<li>24.+25.05.2026 \u2013 Pfingsten \u2013 geschlossen<\/li>\n\n\n\n<li>26.05.2026 \u2013 Ferien \u2013 nur Erwachsenen-Kurse<\/li>\n\n\n\n<li>09. \u2013 26.07.2026 \u2013 Sommerferien \u2013 spezielles Workshopangebot f\u00fcr unsere Mitglieder<\/li>\n\n\n\n<li>27.07. \u2013 09.08.2026 \u2013 Betriebsferien \u2013 geschlossen<\/li>\n\n\n\n<li>10. \u2013 23.08.2026 \u2013 Sommerferien \u2013 spezielles Workshopangebot f\u00fcr unsere Mitglieder<\/li>\n\n\n\n<li>03.10.2026 \u2013 Feiertag (Tag der dt. Einheit) \u2013 geschlossen<\/li>\n\n\n\n<li>19. \u2013 31.10.2026 \u2013 Herbstferien \u2013 nur Erwachsenen-Kurse<\/li>\n\n\n\n<li>23.12.2026 \u2013 03.01.2027 \u2013 Betriebsferien \u2013 geschlossen<\/li>\n<\/ul>\n\n\n\n<p><\/p>\n\n\n\n<h2 class=\"wp-block-heading\" id=\"neu\"><\/h2>\n\n\n\n<h2 class=\"wp-block-heading has-text-align-center has-text-color has-background has-medium-font-size\" style=\"color:#186449;background:linear-gradient(135deg,rgb(252,185,0) 43%,rgb(255,105,0) 100%)\"><strong>Du bist NEU bei uns?<\/strong><\/h2>\n\n\n\n<p class=\"has-text-align-center has-text-color has-medium-font-size\" style=\"color:#000000e8\">&#8230; oder noch unschl\u00fcssig? <a href=\"https:\/\/allonge.de\/index.php\/startseite\/rundgang\/\" target=\"_blank\" rel=\"noreferrer noopener\">Hier kannst du dich umschauen!<\/a><\/p>\n\n\n\n<p class=\"has-text-color has-medium-font-size\" style=\"color:#000000e8\"><\/p>\n\n\n\n<div class=\"wp-block-group\"><div class=\"wp-block-group__inner-container is-layout-constrained wp-block-group-is-layout-constrained\">\n<p><\/p>\n<\/div><\/div>\n\n\n\n<style>\n\n      span { white-space: nowrap;}\n      code { font: bold 18px Arial; color: #992453;}\n\n\n    <\/style>\n","protected":false},"excerpt":{"rendered":"<p>Willkommen auf der Seite des Allong\u00e9! &gt;&gt; Liebe Besucher, im frischen Outfit geht es weiter bei uns mit Spa\u00df, Bewegung und Tanz &#8230; tanzen an der Spree!! &lt;&lt; Hier geht es zu unseren Angeboten zu Aktuelles zu Neues bei uns Unsere Schlie\u00dfzeiten im Mai 2026! Am 01.05.2026 (Tag der Arbeit), 14.05.2026 (Christi Himmelfahrt) und 24.05.-25.05.2026 &hellip; <\/p>\n<p class=\"link-more\"><a href=\"https:\/\/allonge.de\/\" class=\"more-link\"><span class=\"screen-reader-text\">\u201eStartseite\u201c<\/span> weiterlesen<\/a><\/p>\n","protected":false},"author":1,"featured_media":0,"parent":0,"menu_order":1,"comment_status":"closed","ping_status":"closed","template":"","meta":{"footnotes":""},"class_list":["post-28","page","type-page","status-publish","hentry"],"_links":{"self":[{"href":"https:\/\/allonge.de\/index.php\/wp-json\/wp\/v2\/pages\/28","targetHints":{"allow":["GET"]}}],"collection":[{"href":"https:\/\/allonge.de\/index.php\/wp-json\/wp\/v2\/pages"}],"about":[{"href":"https:\/\/allonge.de\/index.php\/wp-json\/wp\/v2\/types\/page"}],"author":[{"embeddable":true,"href":"https:\/\/allonge.de\/index.php\/wp-json\/wp\/v2\/users\/1"}],"replies":[{"embeddable":true,"href":"https:\/\/allonge.de\/index.php\/wp-json\/wp\/v2\/comments?post=28"}],"version-history":[{"count":214,"href":"https:\/\/allonge.de\/index.php\/wp-json\/wp\/v2\/pages\/28\/revisions"}],"predecessor-version":[{"id":3089,"href":"https:\/\/allonge.de\/index.php\/wp-json\/wp\/v2\/pages\/28\/revisions\/3089"}],"wp:attachment":[{"href":"https:\/\/allonge.de\/index.php\/wp-json\/wp\/v2\/media?parent=28"}],"curies":[{"name":"wp","href":"https:\/\/api.w.org\/{rel}","templated":true}]}}