{"id":2694,"date":"2025-01-24T22:37:40","date_gmt":"2025-01-24T21:37:40","guid":{"rendered":"https:\/\/allonge.de\/?page_id=2694"},"modified":"2026-02-10T11:01:33","modified_gmt":"2026-02-10T10:01:33","slug":"unser-team","status":"publish","type":"page","link":"https:\/\/allonge.de\/index.php\/unser-team\/","title":{"rendered":"Unser Team"},"content":{"rendered":"\n<p>Hier sind die flei\u00dfigen Mitarbeitenden des Teams, die daf\u00fcr sorgen, dass alles l\u00e4uft.<\/p>\n\n\n\n<p>Wir lieben, was wir tun und wir geben stets unser Bestes.<\/p>\n\n\n\n<h4 class=\"wp-block-heading\">Das Team:<\/h4>\n\n\n<p data-wp-editing=\"1\">\u00a0 <img loading=\"lazy\" decoding=\"async\" class=\"alignnone size-full wp-image-2028\" src=\"https:\/\/allonge.de\/wp-content\/uploads\/2023\/02\/alle.jpg\" alt=\"\" width=\"720\" height=\"280\" srcset=\"https:\/\/allonge.de\/wp-content\/uploads\/2023\/02\/alle.jpg 720w, https:\/\/allonge.de\/wp-content\/uploads\/2023\/02\/alle-300x117.jpg 300w\" sizes=\"auto, (max-width: 720px) 100vw, 720px\" \/> Plus:<\/p>\n<p data-wp-editing=\"1\">Carina\u00a0 &#8211; sie sorgt f\u00fcr frischen Wind und ist unsere Allround-Nachwuchs-Mitarbeiterin im B\u00fcro und bei der Veranstaltungs-Orga.<\/p>\n<p data-wp-editing=\"1\">Michelle &#8211; unterst\u00fctzt uns erg\u00e4nzend im B\u00fcro<\/p>\n<p data-wp-editing=\"1\">\u00a0<\/p>\n\n\n<p>L\u00f6hne und Steuern: Frau Ritter<\/p>\n\n\n\n<p class=\"has-text-align-left\">Reinigung: Herr Kr\u00fcger<\/p>\n\n\n\n<p>Mentale Unterst\u00fctzung: Familie, Freunde und unsere Mitglieder <img loading=\"lazy\" decoding=\"async\" width=\"45\" height=\"52\" class=\"wp-image-1172\" style=\"width: 45px;\" src=\"https:\/\/allonge.de\/wp-content\/uploads\/2021\/01\/Breakdance-Hund.jpg\" alt=\"\" srcset=\"https:\/\/allonge.de\/wp-content\/uploads\/2021\/01\/Breakdance-Hund.jpg 429w, https:\/\/allonge.de\/wp-content\/uploads\/2021\/01\/Breakdance-Hund-258x300.jpg 258w\" sizes=\"auto, (max-width: 45px) 100vw, 45px\" \/><\/p>\n","protected":false},"excerpt":{"rendered":"<p>Hier sind die flei\u00dfigen Mitarbeitenden des Teams, die daf\u00fcr sorgen, dass alles l\u00e4uft. Wir lieben, was wir tun und wir geben stets unser Bestes. Das Team: \u00a0 Plus: Carina\u00a0 &#8211; sie sorgt f\u00fcr frischen Wind und ist unsere Allround-Nachwuchs-Mitarbeiterin im B\u00fcro und bei der Veranstaltungs-Orga. Michelle &#8211; unterst\u00fctzt uns erg\u00e4nzend im B\u00fcro \u00a0 L\u00f6hne und &hellip; <\/p>\n<p class=\"link-more\"><a href=\"https:\/\/allonge.de\/index.php\/unser-team\/\" class=\"more-link\"><span class=\"screen-reader-text\">\u201eUnser Team\u201c<\/span> weiterlesen<\/a><\/p>\n","protected":false},"author":1,"featured_media":0,"parent":0,"menu_order":0,"comment_status":"closed","ping_status":"closed","template":"","meta":{"footnotes":""},"class_list":["post-2694","page","type-page","status-publish","hentry"],"_links":{"self":[{"href":"https:\/\/allonge.de\/index.php\/wp-json\/wp\/v2\/pages\/2694","targetHints":{"allow":["GET"]}}],"collection":[{"href":"https:\/\/allonge.de\/index.php\/wp-json\/wp\/v2\/pages"}],"about":[{"href":"https:\/\/allonge.de\/index.php\/wp-json\/wp\/v2\/types\/page"}],"author":[{"embeddable":true,"href":"https:\/\/allonge.de\/index.php\/wp-json\/wp\/v2\/users\/1"}],"replies":[{"embeddable":true,"href":"https:\/\/allonge.de\/index.php\/wp-json\/wp\/v2\/comments?post=2694"}],"version-history":[{"count":5,"href":"https:\/\/allonge.de\/index.php\/wp-json\/wp\/v2\/pages\/2694\/revisions"}],"predecessor-version":[{"id":3026,"href":"https:\/\/allonge.de\/index.php\/wp-json\/wp\/v2\/pages\/2694\/revisions\/3026"}],"wp:attachment":[{"href":"https:\/\/allonge.de\/index.php\/wp-json\/wp\/v2\/media?parent=2694"}],"curies":[{"name":"wp","href":"https:\/\/api.w.org\/{rel}","templated":true}]}}