{"id":2667,"date":"2025-01-24T21:47:36","date_gmt":"2025-01-24T20:47:36","guid":{"rendered":"https:\/\/allonge.de\/?page_id=2667"},"modified":"2025-01-24T23:26:01","modified_gmt":"2025-01-24T22:26:01","slug":"rundgang","status":"publish","type":"page","link":"https:\/\/allonge.de\/index.php\/startseite\/rundgang\/","title":{"rendered":"Neu bei uns?"},"content":{"rendered":"\n<p class=\"has-text-align-center has-black-color has-text-color\"><img loading=\"lazy\" decoding=\"async\" width=\"110\" height=\"77\" class=\"wp-image-1378\" style=\"width: 110px;\" src=\"https:\/\/allonge.de\/wp-content\/uploads\/2021\/02\/silhouette-danse-50.png\" alt=\"\" srcset=\"https:\/\/allonge.de\/wp-content\/uploads\/2021\/02\/silhouette-danse-50.png 500w, https:\/\/allonge.de\/wp-content\/uploads\/2021\/02\/silhouette-danse-50-300x209.png 300w\" sizes=\"auto, (max-width: 110px) 100vw, 110px\" \/> <img loading=\"lazy\" decoding=\"async\" width=\"50\" height=\"91\" class=\"wp-image-1372\" style=\"width: 50px;\" src=\"https:\/\/allonge.de\/wp-content\/uploads\/2021\/02\/boy_silhuette_1.png\" alt=\"\" srcset=\"https:\/\/allonge.de\/wp-content\/uploads\/2021\/02\/boy_silhuette_1.png 276w, https:\/\/allonge.de\/wp-content\/uploads\/2021\/02\/boy_silhuette_1-166x300.png 166w\" sizes=\"auto, (max-width: 50px) 100vw, 50px\" \/> <img loading=\"lazy\" decoding=\"async\" width=\"60\" height=\"86\" class=\"wp-image-1365\" style=\"width: 60px;\" src=\"https:\/\/allonge.de\/wp-content\/uploads\/2021\/02\/silhouette-danse-02.png\" alt=\"\" srcset=\"https:\/\/allonge.de\/wp-content\/uploads\/2021\/02\/silhouette-danse-02.png 350w, https:\/\/allonge.de\/wp-content\/uploads\/2021\/02\/silhouette-danse-02-210x300.png 210w\" sizes=\"auto, (max-width: 60px) 100vw, 60px\" \/> <img loading=\"lazy\" decoding=\"async\" width=\"50\" height=\"95\" class=\"wp-image-1374\" style=\"width: 50px;\" src=\"https:\/\/allonge.de\/wp-content\/uploads\/2021\/02\/Gerald_G_Fifties_Dancers_4.png\" alt=\"\" srcset=\"https:\/\/allonge.de\/wp-content\/uploads\/2021\/02\/Gerald_G_Fifties_Dancers_4.png 264w, https:\/\/allonge.de\/wp-content\/uploads\/2021\/02\/Gerald_G_Fifties_Dancers_4-158x300.png 158w\" sizes=\"auto, (max-width: 50px) 100vw, 50px\" \/><img loading=\"lazy\" decoding=\"async\" width=\"100\" height=\"61\" class=\"wp-image-1367\" style=\"width: 100px;\" src=\"https:\/\/allonge.de\/wp-content\/uploads\/2021\/02\/silhouette-danse-26.png\" alt=\"\" srcset=\"https:\/\/allonge.de\/wp-content\/uploads\/2021\/02\/silhouette-danse-26.png 500w, https:\/\/allonge.de\/wp-content\/uploads\/2021\/02\/silhouette-danse-26-300x184.png 300w\" sizes=\"auto, (max-width: 100px) 100vw, 100px\" \/><\/p>\n\n\n\n<p class=\"has-text-align-center has-medium-font-size\"><strong>Beim Tanzen malen wir mit den F\u00fc\u00dfen unsere Seele auf den Boden und leben nur nach dem Rhythmus der Musik.<\/strong><\/p>\n\n\n\n<h5 class=\"has-text-align-center wp-block-heading\">Gesucht \u2013 gefunden: dein neues Hobby!!<\/h5>\n\n\n\n<p><strong>Du suchst ein neues Hobby? \u2013 Du suchst eine neue Sportart?<\/strong><\/p>\n\n\n\n<p><strong>Irgendetwas fehlt in deinem Leben? \u2013 Du m\u00f6chtest dich mehr<br>bewegen?<\/strong><\/p>\n\n\n\n<p><strong>Du suchst einen Wohlf\u00fchlort neben deinem Zuhause? \u2013 Du suchst neue<br>Freunde?<\/strong><\/p>\n\n\n\n<p><em>Allong\u00e9-Mitglieder sagen: \u201eIch komme seit Jahren hierher und besuche meine zwei Kurse die Woche. Ich freue mich jedes Mal darauf. Die sind alle so nett hier, die Liebe zum Detail sp\u00fcre ich \u2013 das mag ich besonders gerne. Ja, das ist schon was Besonderes und es ist ein fester Bestandteil meines Lebens geworden. Ohne k\u00f6nnte ich gar nicht mehr. Au\u00dferdem habe ich mittlerweile alle meine Freunde hier.\u201c<\/em><\/p>\n\n\n\n<p><strong>Wir haben eine gro\u00dfe Auswahl an Kursen, qualifizierte, motivierende und motivierte Trainer, jede Menge gute Laune und bieten eine warme, famili\u00e4re<br>Atmosph\u00e4re in unserem Studio. \u2013 Alles f\u00fcr DEIN sportliches und<br>gesundheitsbewusstes Freizeitvergn\u00fcgen<\/strong>.<\/p>\n\n\n\n<p>Schau doch mal rein und probier dich aus! Hier geht\u2019s zum <a href=\"https:\/\/allonge.de\/PDF\/kursplan.pdf\" target=\"_blank\" rel=\"noreferrer noopener\"><strong>Kursplan<\/strong><\/a>.<\/p>\n\n\n\n<p>K<strong>omm vorbei, schau rein, probier dich aus und hab Spa\u00df!!<\/strong><\/p>\n\n\n<div class=\"wp-block-image\">\n<figure class=\"aligncenter is-resized\"><a href=\"https:\/\/allonge.de\/index.php\/anmeldung\/\" target=\"_blank\" rel=\"noreferrer noopener\"><img decoding=\"async\" src=\"http:\/\/allonge.de\/graffix\/anmeld.jpg\" alt=\"\" width=\"250\"\/><\/a><\/figure>\n<\/div>\n\n\n<p>Gerne kannst du dich auch bei unseren <strong><a href=\"https:\/\/allonge.de\/index.php\/angebote\/\">Angeboten<\/a><\/strong> umsehen.<\/p>\n\n\n<div class=\"wp-block-image\">\n<figure class=\"alignright is-resized\"><img loading=\"lazy\" decoding=\"async\" src=\"https:\/\/allonge.de\/wp-content\/uploads\/2021\/02\/Schleife-gold.png\" alt=\"\" class=\"wp-image-1301\" width=\"100\" height=\"99\" srcset=\"https:\/\/allonge.de\/wp-content\/uploads\/2021\/02\/Schleife-gold-150x150.png 150w, https:\/\/allonge.de\/wp-content\/uploads\/2021\/02\/Schleife-gold-100x100.png 100w\" sizes=\"auto, (max-width: 100px) 100vw, 100px\" \/><\/figure>\n<\/div>\n\n\n<p>Dort haben wir auch viele weitere attraktive Angebote f\u00fcr dich;<br>sicherlich findest du auch hier noch ein Grund mehr, dich zu bewegen!!<\/p>\n\n\n\n<p>Du hast deinen passenden Kurs oder gleich mehrere gefunden? Dann kannst du dich <strong><a href=\"https:\/\/allonge.de\/index.php\/anmeldung\/\" target=\"_blank\" rel=\"noreferrer noopener\">hier direkt f\u00fcr deine Probestunde anmelden<\/a><\/strong>.<\/p>\n\n\n\n<p>Derzeit l\u00e4uft unser Studio noch unter Auflagen und mit<br>Hygienekonzept. Falls du Fragen zu den aktuellen Auflagen f\u00fcr unseren Betrieb<br>hast, kontaktiere uns gerne per Mail an mail@allonge.de oder \u00fcber unser <a href=\"https:\/\/allonge.de\/index.php\/kontakt\/\" target=\"_blank\" rel=\"noreferrer noopener\"><strong>Kontaktformular<\/strong><\/a>.<\/p>\n\n\n\n<p>In unseren neuen <a href=\"https:\/\/allonge.de\/index.php\/faq-haeufige-fragen\/\"><strong>FAQ\u2019s<\/strong><\/a> findest du sicherlich auch vorab schon die eine oder andere Antwort auf deine Fragen.<\/p>\n\n\n\n<p>Noch nicht so ganz das richtige dabei? Oder du hast noch weitere Fragen, dann kannst du uns einfach <a href=\"https:\/\/allonge.de\/index.php\/kontakt\/\">anschreiben<\/a> oder  schick uns eine Mail direkt an mail@allonge.de.<\/p>\n\n\n\n<p>Wir helfen dir sehr gerne!<\/p>\n\n\n\n<p class=\"has-very-dark-gray-color has-text-color\">Dein Allong\u00e9-Team<\/p>\n","protected":false},"excerpt":{"rendered":"<p>Beim Tanzen malen wir mit den F\u00fc\u00dfen unsere Seele auf den Boden und leben nur nach dem Rhythmus der Musik. Gesucht \u2013 gefunden: dein neues Hobby!! Du suchst ein neues Hobby? \u2013 Du suchst eine neue Sportart? Irgendetwas fehlt in deinem Leben? \u2013 Du m\u00f6chtest dich mehrbewegen? Du suchst einen Wohlf\u00fchlort neben deinem Zuhause? \u2013 &hellip; <\/p>\n<p class=\"link-more\"><a href=\"https:\/\/allonge.de\/index.php\/startseite\/rundgang\/\" class=\"more-link\"><span class=\"screen-reader-text\">\u201eNeu bei uns?\u201c<\/span> weiterlesen<\/a><\/p>\n","protected":false},"author":1,"featured_media":0,"parent":28,"menu_order":0,"comment_status":"closed","ping_status":"closed","template":"","meta":{"footnotes":""},"class_list":["post-2667","page","type-page","status-publish","hentry"],"_links":{"self":[{"href":"https:\/\/allonge.de\/index.php\/wp-json\/wp\/v2\/pages\/2667","targetHints":{"allow":["GET"]}}],"collection":[{"href":"https:\/\/allonge.de\/index.php\/wp-json\/wp\/v2\/pages"}],"about":[{"href":"https:\/\/allonge.de\/index.php\/wp-json\/wp\/v2\/types\/page"}],"author":[{"embeddable":true,"href":"https:\/\/allonge.de\/index.php\/wp-json\/wp\/v2\/users\/1"}],"replies":[{"embeddable":true,"href":"https:\/\/allonge.de\/index.php\/wp-json\/wp\/v2\/comments?post=2667"}],"version-history":[{"count":3,"href":"https:\/\/allonge.de\/index.php\/wp-json\/wp\/v2\/pages\/2667\/revisions"}],"predecessor-version":[{"id":2713,"href":"https:\/\/allonge.de\/index.php\/wp-json\/wp\/v2\/pages\/2667\/revisions\/2713"}],"up":[{"embeddable":true,"href":"https:\/\/allonge.de\/index.php\/wp-json\/wp\/v2\/pages\/28"}],"wp:attachment":[{"href":"https:\/\/allonge.de\/index.php\/wp-json\/wp\/v2\/media?parent=2667"}],"curies":[{"name":"wp","href":"https:\/\/api.w.org\/{rel}","templated":true}]}}