{"id":125,"date":"2017-10-21T18:24:38","date_gmt":"2017-10-21T16:24:38","guid":{"rendered":"http:\/\/ballonge.de\/?page_id=125"},"modified":"2025-12-22T14:05:04","modified_gmt":"2025-12-22T13:05:04","slug":"gesellschaftstanz","status":"publish","type":"page","link":"https:\/\/allonge.de\/index.php\/gesellschaftstanz\/","title":{"rendered":"Gesellschaftstanz"},"content":{"rendered":"<p><strong><img loading=\"lazy\" decoding=\"async\" class=\"alignnone\" src=\"https:\/\/allonge.de\/graffix\/hauptbild.jpg\" alt=\"\" width=\"600\" height=\"320\" \/><\/strong><\/p>\n<h3><strong>Termine:<\/strong><\/h3>\n<h5>Gesellschaftstanzkurse Einsteiger\/Aufbau:<\/h5>\n<p style=\"text-align: center;\"><a href=\"http:\/\/allonge.de\/PDF\/anmeldung.pdf\" target=\"_blank\" rel=\"noopener noreferrer\"><strong><span style=\"color: #0000ff;\">JETZT ANMELDEN!!!<\/span><\/strong><\/a><\/p>\n<h4><span style=\"color: #800080;\"><strong>Sobald wir wieder neue Termine verf\u00fcgbar haben, findet ihr sie hier.<\/strong><\/span><\/h4>\n<p>Anmelden \u00fcber unser <strong><a href=\"https:\/\/allonge.de\/index.php\/kontakt\/\" target=\"_blank\" rel=\"noopener noreferrer\">Kontaktformular<\/a>,<\/strong> per Email an mail@allonge.de oder mit dem <a href=\"http:\/\/allonge.de\/PDF\/anmeldung.pdf\" target=\"_blank\" rel=\"noopener noreferrer\"><strong>Anmeldeformular<\/strong><\/a> zum ausdrucken.<\/p>\n<p>Einfach miteinander tanzen und Freude dabei haben.<br \/>Das garantieren unsere Tanzlehrer, die Euch mit viel Fachwissen und jeder Menge Spa\u00df in die Standardt\u00e4nze wie Walzer, Chacha, Swing, Jive, Rumba, Discofox, u.v.m. ein- und weiterf\u00fchren.<br \/>Durch die motivierende Art verliert hier jeder die Hemmungen vor den ersten Schritten.<\/p>\n\n\n<p>* Die weiteren Termine sind in der Regel kalendarisch fortlaufend, werden aber in jedem Fall mit dem Trainer\/der Trainierin abgesprochen (v.a. in Bezug auf Feiertage).<\/p>\n\n\n\n<p><\/p>\n","protected":false},"excerpt":{"rendered":"<p>Termine: Gesellschaftstanzkurse Einsteiger\/Aufbau: JETZT ANMELDEN!!! Sobald wir wieder neue Termine verf\u00fcgbar haben, findet ihr sie hier. Anmelden \u00fcber unser Kontaktformular, per Email an mail@allonge.de oder mit dem Anmeldeformular zum ausdrucken. Einfach miteinander tanzen und Freude dabei haben.Das garantieren unsere Tanzlehrer, die Euch mit viel Fachwissen und jeder Menge Spa\u00df in die Standardt\u00e4nze wie Walzer, Chacha, &hellip; <\/p>\n<p class=\"link-more\"><a href=\"https:\/\/allonge.de\/index.php\/gesellschaftstanz\/\" class=\"more-link\"><span class=\"screen-reader-text\">\u201eGesellschaftstanz\u201c<\/span> weiterlesen<\/a><\/p>\n","protected":false},"author":1,"featured_media":0,"parent":0,"menu_order":0,"comment_status":"closed","ping_status":"closed","template":"","meta":{"footnotes":""},"class_list":["post-125","page","type-page","status-publish","hentry"],"_links":{"self":[{"href":"https:\/\/allonge.de\/index.php\/wp-json\/wp\/v2\/pages\/125","targetHints":{"allow":["GET"]}}],"collection":[{"href":"https:\/\/allonge.de\/index.php\/wp-json\/wp\/v2\/pages"}],"about":[{"href":"https:\/\/allonge.de\/index.php\/wp-json\/wp\/v2\/types\/page"}],"author":[{"embeddable":true,"href":"https:\/\/allonge.de\/index.php\/wp-json\/wp\/v2\/users\/1"}],"replies":[{"embeddable":true,"href":"https:\/\/allonge.de\/index.php\/wp-json\/wp\/v2\/comments?post=125"}],"version-history":[{"count":20,"href":"https:\/\/allonge.de\/index.php\/wp-json\/wp\/v2\/pages\/125\/revisions"}],"predecessor-version":[{"id":2996,"href":"https:\/\/allonge.de\/index.php\/wp-json\/wp\/v2\/pages\/125\/revisions\/2996"}],"wp:attachment":[{"href":"https:\/\/allonge.de\/index.php\/wp-json\/wp\/v2\/media?parent=125"}],"curies":[{"name":"wp","href":"https:\/\/api.w.org\/{rel}","templated":true}]}}