{"id":123,"date":"2017-10-21T18:24:38","date_gmt":"2017-10-21T16:24:38","guid":{"rendered":"http:\/\/ballonge.de\/?page_id=123"},"modified":"2024-10-21T12:54:39","modified_gmt":"2024-10-21T10:54:39","slug":"tanz-fuer-kinder-und-jugendliche","status":"publish","type":"page","link":"https:\/\/allonge.de\/index.php\/tanz-fuer-kinder-und-jugendliche\/","title":{"rendered":"Tanz f\u00fcr Kinder und Jugendliche"},"content":{"rendered":"<div class=\"wp-block-image\">\n<figure class=\"alignright is-resized\"><a href=\"https:\/\/allonge.de\/index.php\/anmeldung\/\" target=\"_blank\" rel=\"noreferrer noopener\"><img decoding=\"async\" src=\"http:\/\/allonge.de\/graffix\/anmeld.jpg\" alt=\"\" width=\"250\"\/><\/a><\/figure>\n<\/div>\n\n<p><strong>Entdecke die Freude am\u00a0 Tanzen !<\/strong><\/p>\n<p><strong>Kreativer Kindertanz (3-8 Jahre) \/ Fit Kids (ab 2 Jahre)<br \/><\/strong><\/p>\n<p>Das Ziel dieses Tanzkurses besteht darin, die Kinder mit viel Spa\u00df und Fantasie an den Tanz mit seinen vielf\u00e4ltigen Bewegungsm\u00f6glichkeiten heranzuf\u00fchren. Durch improvisatorische Bewegungsspiele, Haltungsschule, Kr\u00e4ftigungs- und Dehnungs\u00fcbungen sowie Rhythmikschulung werden K\u00f6rperhaltung und die Koordination der Bewegungsabl\u00e4ufe geschult. Dieser Kurs bildet eine erste Grundlage, um sp\u00e4ter in verschiedenen Tanzrichtungen,<br \/>wie Ballett, Jazz-, Moderndance oder Streetdance weiterzumachen.<\/p>\n<p>F\u00fcr die ganz Kleinen bieten wir mit unserem Fit Kids Kurs vorbereitende und ganzheitliche Bewegungsspiele an.<\/p>\n<p><strong>Jazz- \/ Moderndance (ab 9 Jahre)<\/strong><\/p>\n<p>Wenn du Freude am Tanzen hast und dies als Ausgleich zur Schule gern zu deinem Hobby machen m\u00f6chtest, dann kannst du in diesem Kurs die Grundlagen des Jazz &#8211; und Moderndance erlernen. Nach Aufw\u00e4rm- und Basistraining werden verschiedene<br \/>Tanzkombinationen f\u00fcr topaktuelle T\u00e4nze einstudiert, die wir sp\u00e4ter auch auff\u00fchren werden.<br \/>Lass` dich einfach vom Dance- Feeling anstecken&#8230;<\/p>\n<p><strong>Streetdance (ab 10 Jahre)<\/strong><\/p>\n<p>Streetdance ist eine moderne Tanzform, die unterschiedlichste Styles miteinander verbindet. Streetdances sind impulsive, kraftvolle T\u00e4nze, die aber auch sanfte Bewegungen enthalten. Dieser Kurs bringt auf jeden Fall eine Menge Spa\u00df und Erfolg, wenn du etwas Ausdauer und Willen mitbringst.<br \/>Die Tanztechniken und Choreographien werden systematisch aufgebaut und auf lockere und verst\u00e4ndliche Art vermittelt.<br \/>Hier kommt die gute Laune von selbst.<\/p>\n<p><strong>Klassisches Ballett \/ Preballett (ab 6 Jahre)<br \/><\/strong><\/p>\n<p>Kinder und Jugendliche ab 10 Jahren werden in diesem Kurs an die Technik des klassischen Balletts herangef\u00fchrt. Klassische Ballett\u00fcbungen, Schrittkombinationen, Drehungen und Spr\u00fcnge werden trainiert und zu kleinen T\u00e4nzen zusammen gef\u00fcgt.<br \/>Das Ergebnis wird eine gute Haltung, Beweglichkeit, Ausstrahlung und Anmut sein.<\/p>\n<p>F\u00fcr die J\u00fcngeren ab 6 und ab 7 Jahren bieten wir einen Preballett-Kurs an, um auf den klassischen Ballettkurs vorzubereiten. Neben dem Spa\u00df, den die Kinder beim Tanzen haben sollen, ist uns die k\u00f6rperliche Gesundheit der Tanzsch\u00fcler am wichtigsten. Demzufolge ist auch das Unterrichtsprogramm so aufgebaut, dass die Platzierung (die richtige Positionierung der K\u00f6rperteile in den f\u00fcr diese vorgesehenen Gelenkachsen) gleich von Beginn an im Vordergrund steht. Die Kinder lernen spielerisch die ersten Ballettbegriffe, -figuren und -positionen und lernen dabei gleich, wie man sie richtig ausf\u00fchrt. Viele \u00dcbungen werden im Preballett am Boden ausgef\u00fchrt, sodass keine Gewichtsbelastung auf die Gelenke erfolgen kann.<\/p>\n<p><strong>Breakdance<\/strong><\/p>\n<p>Dieser Kurs ist f\u00fcr alle ab 5 Jahren, die sich f\u00fcr die akrobatischen Elemente des Tanzens begeistern. Egal ob Junge oder M\u00e4dchen, hier kannst du dich richtig auspowern! Hier lernst du die Grundtechniken von Powermoves und Freezes aber auch Footwork, Toprocks und Downrocks. Dazu gibt es nat\u00fcrlich klasse HipHop-Musik.<\/p>","protected":false},"excerpt":{"rendered":"<p>Entdecke die Freude am\u00a0 Tanzen ! Kreativer Kindertanz (3-8 Jahre) \/ Fit Kids (ab 2 Jahre) Das Ziel dieses Tanzkurses besteht darin, die Kinder mit viel Spa\u00df und Fantasie an den Tanz mit seinen vielf\u00e4ltigen Bewegungsm\u00f6glichkeiten heranzuf\u00fchren. Durch improvisatorische Bewegungsspiele, Haltungsschule, Kr\u00e4ftigungs- und Dehnungs\u00fcbungen sowie Rhythmikschulung werden K\u00f6rperhaltung und die Koordination der Bewegungsabl\u00e4ufe geschult. Dieser &hellip; <\/p>\n<p class=\"link-more\"><a href=\"https:\/\/allonge.de\/index.php\/tanz-fuer-kinder-und-jugendliche\/\" class=\"more-link\"><span class=\"screen-reader-text\">\u201eTanz f\u00fcr Kinder und Jugendliche\u201c<\/span> weiterlesen<\/a><\/p>\n","protected":false},"author":1,"featured_media":0,"parent":0,"menu_order":0,"comment_status":"closed","ping_status":"closed","template":"","meta":{"footnotes":""},"class_list":["post-123","page","type-page","status-publish","hentry"],"_links":{"self":[{"href":"https:\/\/allonge.de\/index.php\/wp-json\/wp\/v2\/pages\/123","targetHints":{"allow":["GET"]}}],"collection":[{"href":"https:\/\/allonge.de\/index.php\/wp-json\/wp\/v2\/pages"}],"about":[{"href":"https:\/\/allonge.de\/index.php\/wp-json\/wp\/v2\/types\/page"}],"author":[{"embeddable":true,"href":"https:\/\/allonge.de\/index.php\/wp-json\/wp\/v2\/users\/1"}],"replies":[{"embeddable":true,"href":"https:\/\/allonge.de\/index.php\/wp-json\/wp\/v2\/comments?post=123"}],"version-history":[{"count":7,"href":"https:\/\/allonge.de\/index.php\/wp-json\/wp\/v2\/pages\/123\/revisions"}],"predecessor-version":[{"id":2484,"href":"https:\/\/allonge.de\/index.php\/wp-json\/wp\/v2\/pages\/123\/revisions\/2484"}],"wp:attachment":[{"href":"https:\/\/allonge.de\/index.php\/wp-json\/wp\/v2\/media?parent=123"}],"curies":[{"name":"wp","href":"https:\/\/api.w.org\/{rel}","templated":true}]}}