{"id":1201,"date":"2021-01-05T21:11:09","date_gmt":"2021-01-05T20:11:09","guid":{"rendered":"https:\/\/allonge.de\/?page_id=1201"},"modified":"2021-01-05T21:30:29","modified_gmt":"2021-01-05T20:30:29","slug":"faq-haeufige-fragen","status":"publish","type":"page","link":"https:\/\/allonge.de\/index.php\/faq-haeufige-fragen\/","title":{"rendered":"FAQ &#8211; H\u00e4ufige Fragen"},"content":{"rendered":"\n<div class=\"hrf-faq-list\"><article class=\"hrf-entry\" id=\"hrf-entry-1245\">\n                      <h3 class=\"hrf-title close-faq\" data-content-id=\"hrf-content-1245\"><span><\/span>Was f\u00fcr Kurse gibt es?<\/h3>\n                     <div class=\"hrf-content\" id=\"hrf-content-1245\">In unserem <a href=\"https:\/\/allonge.de\/PDF\/kursplan.pdf\">Kursplan<\/a> findest du unser gesamtes aktuelles Angebot an Kursen.\r\n\r\nEine Beschreibung unserer Kurse findest du <a href=\"https:\/\/allonge.de\/index.php\/unsere-kurse\/\">hier<\/a>.<\/div>\n                  <\/article><article class=\"hrf-entry\" id=\"hrf-entry-1212\">\n                      <h3 class=\"hrf-title close-faq\" data-content-id=\"hrf-content-1212\"><span><\/span>Sind Probestunden m\u00f6glich?<\/h3>\n                     <div class=\"hrf-content\" id=\"hrf-content-1212\"><p>Ja! &#8230; und das ist uns auch sehr wichtig!<\/p>\n<p>Du kannst dir deinen Wunschkurs <a href=\"https:\/\/allonge.de\/PDF\/kursplan.pdf\">hier<\/a> nach deinen Bed\u00fcrfnissen aussuchen und bei uns ganz einfach direkt \u00fcber unser <a href=\"https:\/\/allonge.de\/index.php\/anmeldung\/\">Anmeldeformular<\/a> deine Probestunde vereinbaren.<\/p>\n<p>Sollte die Probestunde nicht deinen Erwartungen entsprechen oder der Kurs nicht so recht zu dir passen, gibt es die M\u00f6glichkeit, eine weitere Probestunde in einem anderen Kurs zu vereinbaren.<\/p>\n<p>F\u00fcr Kinder ist die Probestunde kostenlos. Erwachsene zahlen 10,00 \u20ac f\u00fcr die Probestunde. Bei geschlossenen Kursen, wie den Gesellschaftstanzkursen, gibt es keine Probestunden.<\/p>\n<p>F\u00fcr unsere Kinderkurse &#8211; da die Kinder h\u00e4ufig mehr Zeit ben\u00f6tigen &#8211; bieten wir nach der Probestunde bei Bedarf einen ganzen Schnuppermonat an. Dieser ist unverbindlich.<\/p>\n<p>Im Sommer bieten wir unseren Mitgliedern ein spezielles Angebot an Workshops und Kursen. In dieser Zeit ist eine Probestunde nicht m\u00f6glich.<\/p>\n<p>Jedoch lohnt sich das Warten, da wir im September jedes Jahr unsere Schnupperwochen haben. Hier k\u00f6nnt ihr zwei bis vier Wochen im September nutzen, um euch in all unseren Kursen ganz in Ruhe auszuprobieren. Infos dazu gibt es zu entsprechender Zeit in unseren <a href=\"https:\/\/allonge.de\/index.php\/angebote\/\" target=\"_blank\" rel=\"noopener\">Angeboten<\/a>.<\/p>\n<\/div>\n                  <\/article><article class=\"hrf-entry\" id=\"hrf-entry-1237\">\n                      <h3 class=\"hrf-title close-faq\" data-content-id=\"hrf-content-1237\"><span><\/span>Passt der Kurs f\u00fcr mich?<\/h3>\n                     <div class=\"hrf-content\" id=\"hrf-content-1237\"><p>In unserem <a href=\"https:\/\/allonge.de\/PDF\/kursplan.pdf\">Kursangebot<\/a>\u00a0 haben wir eine gro\u00dfe Auswahl an verschiedenen Kursen f\u00fcr nahezu alle Altersgruppen und Bed\u00fcrfnisse.<\/p>\n<p>Wir helfen dir gerne bei der Suche nach einem passenden Kurs f\u00fcr dich.<\/p>\n<p>In jedem Fall ist unser Rat:<\/p>\n<p><strong>Probiere dich aus! Hierzu sind die Probestunden da.<\/strong><\/p>\n<\/div>\n                  <\/article><article class=\"hrf-entry\" id=\"hrf-entry-1241\">\n                      <h3 class=\"hrf-title close-faq\" data-content-id=\"hrf-content-1241\"><span><\/span>Darf ich bei einer Probestunde zusehen?<\/h3>\n                     <div class=\"hrf-content\" id=\"hrf-content-1241\"><p>Ob dir der Kurs gef\u00e4llt und gut zu dir passt, findest du leider nur durch&#8217;s Mitmachen heraus.<\/p>\n<p>Eine Probestunde ist zum Mitmachen da, damit du sehen, sp\u00fcren, h\u00f6ren und erleben kannst, wie sich der Kurs f\u00fcr dich anf\u00fchlt und wie dein K\u00f6rper auf die Musik und ggf. auf die neuen Anforderungen reagiert.<\/p>\n<p>Darum pack&#8216; einfach deine Trainingssachen ein und los geht&#8217;s! \ud83d\ude42<\/p>\n<\/div>\n                  <\/article><article class=\"hrf-entry\" id=\"hrf-entry-1240\">\n                      <h3 class=\"hrf-title close-faq\" data-content-id=\"hrf-content-1240\"><span><\/span>D\u00fcrfen Eltern bei der Probestunde mit in den Tanzraum?<\/h3>\n                     <div class=\"hrf-content\" id=\"hrf-content-1240\"><p>Wir empfehlen den Eltern im Allgemeinen, im Warteraum vor dem Tanzsaal zu warten. So kann das Kind sich im Kurs frei entfalten und wird durch die Anwesenheit der Eltern nicht abgelenkt. Auch die anderen Kinder k\u00f6nnen sich dann mehr auf den Unterricht, den\/die Trainer*in und die Gruppe konzentrieren.<\/p>\n<p>Bei den ganz Kleinen \u2013 ab 2 Jahren \u2013 ist es f\u00f6rderlich, wenn die Eltern den Kurs mit dem Kind zusammen besuchen.<\/p>\n<p>Ab einem Alter von 3 Jahren ist es in Absprache mit dem\/der Trainer*in auch m\u00f6glich, zu Beginn des Kurses im Tanzraum zu verweilen.<\/p>\n<p>Manche Kinder ab 3 oder 4 Jahren brauchen ein wenig mehr Zeit, um mit einer fremden Person (die Kursleitung) und anderen Kindern im Tanzsaal warm zu werden. Dies ist in keinem Fall etwas Negatives. Sollte es auch nach einigen Versuchen noch nicht m\u00f6glich sein, ihr Kind ohne die Begleitperson in den Kurs zu lassen, haben Sie ggf. Verst\u00e4ndnis daf\u00fcr, dass das Kind eventuell zu einem sp\u00e4teren Zeitpunkt besser in diesem Kurs aufgehoben ist, damit es auch lange Freude daran haben kann.<\/p>\n<p>Daher empfehlen wir, f\u00fcr die kleineren den Schnuppermonat, bevor ein Vertrag abgeschlossen wird \u2013 und selbst im Falle des Falles haben wir aus diesem Grund f\u00fcr die Kinder eine k\u00fcrzere Mindestlaufzeit.<\/p>\n<\/div>\n                  <\/article><article class=\"hrf-entry\" id=\"hrf-entry-2124\">\n                      <h3 class=\"hrf-title close-faq\" data-content-id=\"hrf-content-2124\"><span><\/span>Was ist die Mindestlaufzeit?<\/h3>\n                     <div class=\"hrf-content\" id=\"hrf-content-2124\"><p>All unsere Vertr\u00e4ge haben eine Mindestlaufzeit. Das ist die Zeit, die der Vertrag mindestens laufen muss, bevor er wieder gek\u00fcndigt werden kann.<\/p>\n<p>Dies gibt dir als Mitglied die M\u00f6glichkeit, erste Erfolge in deinem Training zu erleben, und die \u201eFlinte\u201c nicht zu fr\u00fch \u201eins Korn zu werfen\u201c.\u00a0 \ud83d\ude42<\/p>\n<p>Denn ein Trainingseffekt stellt sich bei regelm\u00e4\u00dfigem Training zwar bereits nach ein paar Wochen ein; die Gewohnheit jedoch beizubehalten, regelm\u00e4\u00dfig zu trainieren ben\u00f6tigt h\u00e4ufig etwa 3-4 Monate.<\/p>\n<p>Auch in unseren Angeboten gibt es Mindestlaufzeiten. Da die Angebote jedoch mit Rabatten und weiteren Vorteilen verbunden sind, haben diese Vertr\u00e4ge eine l\u00e4ngere Mindestlaufzeit. Wenn du also ganz sicher bist, dass du auf jeden Fall l\u00e4nger trainieren willst, kannst du mit unseren Angeboten richtig Geld sparen.<\/p>\n<p>Hinweis: Wenn du gesundheitlich vorbelastet bist und eine l\u00e4ngere Laufzeit gew\u00fcnscht ist, weil z.B. ein Angebot besonders attraktiv f\u00fcr dich ist, empfehlen wir bei gesundheitlichen Predispositionen, vorab einen Arzt zu konsultieren oder sicherheitshalber auf die langen Laufzeiten zu verzichten, da das Risiko, aus gesundheitlichen Gr\u00fcnden nicht an den Kursen teilnehmen zu k\u00f6nnen beim Mitglied liegt. Jedoch bieten wir die M\u00f6glichkeit des Pausierens an. F\u00fcr mehr Infos empfehlen wir, unsere <a href=\"https:\/\/allonge.de\/PDF\/AGBs.pdf\">AGB&#8217;s<\/a> genau zu lesen.<\/p>\n<\/div>\n                  <\/article><article class=\"hrf-entry\" id=\"hrf-entry-1211\">\n                      <h3 class=\"hrf-title close-faq\" data-content-id=\"hrf-content-1211\"><span><\/span>Wann beginnt meine Mitgliedschaft und wie wird der Beitrag berechnet?<\/h3>\n                     <div class=\"hrf-content\" id=\"hrf-content-1211\"><p data-start=\"340\" data-end=\"487\">Der Beginn der Mitgliedschaft ist grunds\u00e4tzlich <strong data-start=\"388\" data-end=\"409\">jederzeit m\u00f6glich<\/strong>.<br data-start=\"410\" data-end=\"413\" \/>Je nach Wunsch kannst du aus verschiedenen Mitgliedschaftsmodellen w\u00e4hlen.<\/p>\n<p data-start=\"489\" data-end=\"868\">Unsere Mitgliedsbeitr\u00e4ge sind so kalkuliert, dass sie <strong data-start=\"543\" data-end=\"576\">auf das gesamte Jahr verteilt<\/strong> s\u00e4mtliche laufenden Kosten des Studios abdecken. Dies erm\u00f6glicht uns eine stabile Planung und langfristig <strong data-start=\"683\" data-end=\"725\">faire und m\u00f6glichst konstante Beitr\u00e4ge<\/strong> f\u00fcr alle Mitglieder.<br data-start=\"746\" data-end=\"749\" \/>Der Mitgliedsbeitrag ist daher <strong data-start=\"780\" data-end=\"810\">gleichm\u00e4\u00dfig und ganzj\u00e4hrig<\/strong> \u2013 auch in den Ferien- und Urlaubsmonaten \u2013 zu entrichten.<\/p>\n<h5 data-start=\"870\" data-end=\"911\"><strong>Beitragsberechnung im Einstiegsmonat<\/strong><\/h5>\n<p data-start=\"912\" data-end=\"1003\">Um den Einstieg fair und die Abrechnung \u00fcbersichtlich zu gestalten, gilt folgende Regelung:<\/p>\n<p data-start=\"1007\" data-end=\"1135\">Zu Beginn der Mitgliedschaft wird der Beitrag anteilig nach den noch verbleibenden Terminen im Monat berechnet. Die Anteiligkeit erfolgt in Viertel-Schritten.<\/p>\n<p data-start=\"1252\" data-end=\"1365\">Ab dem Folgemonat wird der regul\u00e4re monatliche Mitgliedsbeitrag entsprechend der gew\u00e4hlten Mitgliedschaft f\u00e4llig.<\/p>\n<p data-start=\"1367\" data-end=\"1566\">Die Mitgliedsbeitr\u00e4ge sind <strong data-start=\"1394\" data-end=\"1472\">unabh\u00e4ngig von der tats\u00e4chlichen Anzahl der besuchten Unterrichtseinheiten<\/strong> zu entrichten, da es sich um eine Mitgliedschaft mit <strong data-start=\"1526\" data-end=\"1557\">fest reserviertem Kursplatz<\/strong> handelt.<\/p>\n<p data-start=\"1568\" data-end=\"1864\">Diese vereinfachte Regelung erm\u00f6glicht es uns als kleines Unternehmen, den Verwaltungsaufwand gering zu halten und unsere Zeit dort einzusetzen, wo sie f\u00fcr euch den gr\u00f6\u00dften Mehrwert hat:<br data-start=\"1754\" data-end=\"1757\" \/>in <strong data-start=\"1760\" data-end=\"1784\">pers\u00f6nlichen Service<\/strong>, <strong data-start=\"1786\" data-end=\"1815\">verl\u00e4ssliche Organisation<\/strong> und ein <strong data-start=\"1824\" data-end=\"1863\">qualitativ hochwertiges Kursangebot<\/strong>.<\/p>\n<p>Eine \u00dcbersicht \u00fcber die M\u00f6glichkeiten und unsere aktuelle Preisliste findest du <a href=\"https:\/\/allonge.de\/PDF\/preise.pdf\">hier.<\/a><\/p>\n<\/div>\n                  <\/article><article class=\"hrf-entry\" id=\"hrf-entry-1246\">\n                      <h3 class=\"hrf-title close-faq\" data-content-id=\"hrf-content-1246\"><span><\/span>Gibt es einen Familienrabatt?<\/h3>\n                     <div class=\"hrf-content\" id=\"hrf-content-1246\"><p>Ab der 2. Person (Geschwister, Kinder, Eltern) gibt es auf Antrag bei Vertragsabschluss einen Rabatt von 5% auf den g\u00fcnstigsten Monats-Beitrag.<\/p>\n<\/div>\n                  <\/article><article class=\"hrf-entry\" id=\"hrf-entry-2952\">\n                      <h3 class=\"hrf-title close-faq\" data-content-id=\"hrf-content-2952\"><span><\/span>Warum erheben wir eine Anmeldegeb\u00fchr?<\/h3>\n                     <div class=\"hrf-content\" id=\"hrf-content-2952\"><p data-start=\"343\" data-end=\"660\">Die Anmeldegeb\u00fchr erg\u00e4nzt unser Mitgliedschaftsmodell und erm\u00f6glicht es uns, unseren Service f\u00fcr alle Mitglieder dauerhaft transparent und fair zu gestalten. Unsere Monatsbeitr\u00e4ge\u00a0decken ausschlie\u00dflich die regelm\u00e4\u00dfige Teilnahme am Unterricht ab.<\/p>\n<p data-start=\"662\" data-end=\"835\">Die Anmeldegeb\u00fchr hingegen sorgt daf\u00fcr, dass wir alle organisatorischen und administrativen Leistungen rund um die Mitgliedschaft zuverl\u00e4ssig erbringen k\u00f6nnen. Dazu geh\u00f6ren:<\/p>\n<ul data-start=\"837\" data-end=\"1293\">\n<li data-start=\"837\" data-end=\"908\">\n<p data-start=\"839\" data-end=\"908\"><strong data-start=\"839\" data-end=\"868\">Individuelle Erstberatung<\/strong> und Auswahl der passenden Kursmodelle<\/p>\n<\/li>\n<li data-start=\"909\" data-end=\"981\">\n<p data-start=\"911\" data-end=\"981\"><strong data-start=\"911\" data-end=\"947\">Einrichtung im Verwaltungssystem<\/strong> und Anlage aller Mitgliedsdaten<\/p>\n<\/li>\n<li data-start=\"982\" data-end=\"1097\">\n<p data-start=\"984\" data-end=\"1097\"><strong data-start=\"984\" data-end=\"1039\">Verwaltung und Dokumentation s\u00e4mtlicher Kurswechsel<\/strong>, die bei uns <strong data-start=\"1053\" data-end=\"1082\">kostenfrei und unbegrenzt<\/strong> m\u00f6glich sind<\/p>\n<\/li>\n<li data-start=\"1098\" data-end=\"1181\">\n<p data-start=\"1100\" data-end=\"1181\"><strong data-start=\"1100\" data-end=\"1129\">Bearbeitung der K\u00fcndigung<\/strong> inklusive Fristenmanagement und Datenarchivierung<\/p>\n<\/li>\n<li data-start=\"1182\" data-end=\"1293\">\n<p data-start=\"1184\" data-end=\"1293\"><strong data-start=\"1184\" data-end=\"1224\">Dauerhafte Pflege der Mitgliedschaft<\/strong>, unabh\u00e4ngig davon, ob du einen Kurs in der Woche oder mehrere nutzt<\/p>\n<\/li>\n<\/ul>\n<p data-start=\"1295\" data-end=\"1589\">Da diese Leistungen f\u00fcr alle Mitglieder identisch anfallen \u2013 unabh\u00e4ngig vom gew\u00e4hlten Preisniveau \u2013 wird die organisatorische Systemaufnahme als <strong data-start=\"1440\" data-end=\"1467\">einmalige Anmeldegeb\u00fchr<\/strong> berechnet. So bleiben die monatlichen Beitr\u00e4ge klar strukturiert und ausschlie\u00dflich auf die Unterrichtsteilnahme bezogen.<\/p>\n<p data-start=\"1591\" data-end=\"1774\">Die Geb\u00fchr erm\u00f6glicht uns, die internen Abl\u00e4ufe sorgf\u00e4ltig, serviceorientiert und ohne versteckte Kosten zu gestalten, damit ihr euch voll und ganz auf das Tanzen konzentrieren k\u00f6nnt.<\/p>\n<\/div>\n                  <\/article><article class=\"hrf-entry\" id=\"hrf-entry-1249\">\n                      <h3 class=\"hrf-title close-faq\" data-content-id=\"hrf-content-1249\"><span><\/span>Wie melde ich mich an?<\/h3>\n                     <div class=\"hrf-content\" id=\"hrf-content-1249\"><p>Dein\/e Trainer*in wird dir nach deiner Probestunde einen Vertrag mitgegeben haben.<\/p>\n<p>Andernfalls schickst du einfach eine kurze Mail an uns und wir senden dir deinen Vertrag per Mail zu.<\/p>\n<p>Diesen gibst du einfach zur n\u00e4chsten Stunde ausgef\u00fcllt und unterschrieben wieder bei deinem\/r Trainer*in ab.<\/p>\n<p>Daraufhin erh\u00e4ltst du von uns die Vertragsbest\u00e4tigung und deine Vertragskopie zur\u00fcck. Die Bearbeitung dauert in der Regel bis zu 1-2 Wochen.<\/p>\n<\/div>\n                  <\/article><article class=\"hrf-entry\" id=\"hrf-entry-1203\">\n                      <h3 class=\"hrf-title close-faq\" data-content-id=\"hrf-content-1203\"><span><\/span>Welche K\u00fcndigungsfristen gibt es?<\/h3>\n                     <div class=\"hrf-content\" id=\"hrf-content-1203\"><p>Die K\u00fcndigungsfrist betr\u00e4gt einen Monat.<\/p>\n<p>Unsere Vertr\u00e4ge haben eine Mindestlaufzeit von 4 Monaten bei Erwachsenen und Sch\u00fclern und 2 Monaten bei Kindern.<\/p>\n<p>Mit Frist von einem Monat zum Ende dieser Erstlaufzeit (oder Mindestlaufzeit) kann ein Vertrag gek\u00fcndigt werden. Geht bis dahin keine K\u00fcndigung ein, verl\u00e4ngert sich der Vertrag auf unbestimmte Zeit und kann dann jederzeit mit einer Frist von einem Monat gek\u00fcndigt werden.<\/p>\n<p>Wir bieten jedoch auch die M\u00f6glichkeit befristeter Vertr\u00e4gen an. Hier kannst du selbst entscheiden, wie lange dein Vertrag\u00a0 l\u00e4uft. (min 4 Monate bis max. 24 Monate) In diesem Fall l\u00e4uft der Vertrag nach Ablauf der Vertragslaufzeit aus und eine K\u00fcndigung ist nicht notwendig. Ein fr\u00fcherer Ausstieg aus dem befristeten Vertrag ist nicht m\u00f6glich.<\/p>\n<\/div>\n                  <\/article><article class=\"hrf-entry\" id=\"hrf-entry-2122\">\n                      <h3 class=\"hrf-title close-faq\" data-content-id=\"hrf-content-2122\"><span><\/span>Wie k\u00fcndige ich den Vertrag?<\/h3>\n                     <div class=\"hrf-content\" id=\"hrf-content-2122\"><p>Nach Abschluss deines Vertrages l\u00e4uft in der Regel zun\u00e4chst die vertraglich vereinbarte Mindestlaufzeit &#8211; je nach Vertragsmodell oder Angebot mindestens zwei Monate bis maximal 24\u00a0 Monate.<\/p>\n<p>Zum Ende der Mindestlaufzeit und danach jederzeit betr\u00e4gt die K\u00fcndigungsfrist einen Monat.<\/p>\n<p>Am sichersten und am besten nachvollziehbar ist es erfahrungsgem\u00e4\u00df, die K\u00fcndigung per Email einzureichen, da du ggf. in deinem Gesendet-Ordner den Beweis hast, dass du die K\u00fcndigung auch versandt hast.<\/p>\n<p>Sobald eine K\u00fcndigung bei uns eingeht (Email, Post oder pers\u00f6nlich im Studio abgegeben), wird sie von uns bearbeitet und anschlie\u00dfend per Email<strong> immer von uns best\u00e4tigt<\/strong> &#8211; in der Regel innerhalb der n\u00e4chsten 2 Wochen. Erh\u00e4ltst du nicht innerhalb von maximal 4 Wochen deine K\u00fcndigungsbest\u00e4tigung, kannst du davon ausgehen, dass irgendetwas schief gelaufen ist. Dann kannst du gerne mal nachhaken oder uns deine gesendete Mail noch einmal weiterleiten, damit du wie gew\u00fcnscht aus dem Vertrag austreten kannst.<\/p>\n<p>Selbstverst\u00e4ndlich kann die K\u00fcndigung auch per Post geschickt oder im Studio pers\u00f6nlich abgegeben werden. In diesem Fall empfehlen wir, eine Kopie oder ein Einlieferungsbeleg* zu erstellen.<\/p>\n<p>*(Wenn es Einschreiben sein muss. gen\u00fcgt Einwurf-Einschreiben v\u00f6llig, denn die Post kommt meist, wenn noch niemand im Studio ist und wir wollen unsere Zeit lieber in den Kundenservice stecken, als in der Post anzustehen.)<\/p>\n<p>&nbsp;<\/p>\n<\/div>\n                  <\/article><article class=\"hrf-entry\" id=\"hrf-entry-1247\">\n                      <h3 class=\"hrf-title close-faq\" data-content-id=\"hrf-content-1247\"><span><\/span>Finden die Kurse in den Schulferien statt?<\/h3>\n                     <div class=\"hrf-content\" id=\"hrf-content-1247\"><p>In den Berliner Schulferien sowie an Br\u00fcckentagen finden keine Kinder-und Sch\u00fclerkurse statt.<\/p>\n<p>An Feiertagen und w\u00e4hrend unserer Schlie\u00dfzeiten (um Weihnachten und Neujahr sowie in den Sommerferien (jeweils 2 Wochen) finden gar keine Kurse statt.<\/p>\n<\/div>\n                  <\/article><article class=\"hrf-entry\" id=\"hrf-entry-1238\">\n                      <h3 class=\"hrf-title close-faq\" data-content-id=\"hrf-content-1238\"><span><\/span>Welche Kleidung wird empfohlen?<\/h3>\n                     <div class=\"hrf-content\" id=\"hrf-content-1238\"><p><strong>Unsere Empfehlung<\/strong> lautet, Kleidung zu w\u00e4hlen, die dir Bewegungsfreiheit bietet, ohne dich zu st\u00f6ren, sie sollte atmungsaktiv sein und dich beim Tragen gl\u00fccklich machen, so dass du dich rundum wohl f\u00fchlst.<\/p>\n<p>F\u00fcr unsere <strong>Kinder<\/strong> empfehlen wir\u00a0bequeme Kleidung \u2013 nicht zu weit \u2013 Stoppersocken oder Schuhe mit weicher und d\u00fcnner Gummisohle.<\/p>\n<p>F\u00fcr alle <strong>Streetdance-Kurse<\/strong> sowie f\u00fcr alle <strong>Fitnesskurse<\/strong>\u00a0 sind Sportschuhe mit heller Sohle ratsam.<\/p>\n<p>In den \u00fcbrigen <strong>Tanz- und Bewegungskursen<\/strong> kann zumeist mit Socken oder barfu\u00df begonnen werden. Der Erwerb von entsprechenden Tanzschuhen kann dann ggf. abh\u00e4ngig vom Tanzstil und in Absprache mit der Kursleitung auch nachtr\u00e4glich noch erfolgen.<\/p>\n<p>Zudem ist es vor allem f\u00fcr die Kinder- und Sch\u00fclerkurse aus Sicherheitsgr\u00fcnden ratsam, die Haare zusammenzubinden und jeglichen Schmuck vor dem Kurs abzulegen.<\/p>\n<\/div>\n                  <\/article><article class=\"hrf-entry\" id=\"hrf-entry-1250\">\n                      <h3 class=\"hrf-title close-faq\" data-content-id=\"hrf-content-1250\"><span><\/span>Was ist, wenn ich den Kurs mal nicht schaffe?<\/h3>\n                     <div class=\"hrf-content\" id=\"hrf-content-1250\"><p>F\u00fcr die Erwachsenenkurse bieten wir dir die M\u00f6glichkeit, dich \u00fcber uns f\u00fcr eine Ersatzstunde in einem anderen Kurs anzumelden.<\/p>\n<\/div>\n                  <\/article><article class=\"hrf-entry\" id=\"hrf-entry-1248\">\n                      <h3 class=\"hrf-title close-faq\" data-content-id=\"hrf-content-1248\"><span><\/span>Gibt es auch Zehnerkarten?<\/h3>\n                     <div class=\"hrf-content\" id=\"hrf-content-1248\"><p>F\u00fcr unsere Erwachsenen-Kurse kann eine Zehnerkarte erworben werden.<\/p>\n<p>Die Zehnerkarte ist 4 Monate g\u00fcltig und an Dritte \u00fcbertragbar. Sie gilt jedoch nicht f\u00fcr geschlossene Kurse mit fester Terminzahl und nur solange freie Pl\u00e4tze im Kurs vorhanden sind! Eine vorherige Anmeldung ist dringend erforderlich.<\/p>\n<\/div>\n                  <\/article><article class=\"hrf-entry\" id=\"hrf-entry-1251\">\n                      <h3 class=\"hrf-title close-faq\" data-content-id=\"hrf-content-1251\"><span><\/span>Kurse in der Schule?<\/h3>\n                     <div class=\"hrf-content\" id=\"hrf-content-1251\"><p>Wir bieten in ausgew\u00e4hlten Grundschulen Tanzkurse f\u00fcr Kinder an.<\/p>\n<p>Hierzu ist es wichtig, das Kind \u00fcber uns anzumelden und zus\u00e4tzlich den Erziehern dann vor Ort Bescheid zugeben, dass das Kind an einem unserer Tanzkurse teilnimmt, damit es rechtzeitig zum entsprechenden Raum geschickt werden kann. Dort werden die Kinder von der Kursleitung in Empfang genommen.<\/p>\n<\/div>\n                  <\/article><article style = \"display:block;text-align:right; font-size:11px\">Powered by <a href=\"https:\/\/websitebuilderguide.com\/wp-plugins\/html5-responsive-faq-plugin-for-wordpress\/\" target=\"_blank\">HTML5 Responsive FAQ<\/a><\/article><\/div><!-- HRF v 2.8.4 -->\n","protected":false},"excerpt":{"rendered":"","protected":false},"author":1,"featured_media":0,"parent":0,"menu_order":0,"comment_status":"closed","ping_status":"closed","template":"","meta":{"footnotes":""},"class_list":["post-1201","page","type-page","status-publish","hentry"],"_links":{"self":[{"href":"https:\/\/allonge.de\/index.php\/wp-json\/wp\/v2\/pages\/1201","targetHints":{"allow":["GET"]}}],"collection":[{"href":"https:\/\/allonge.de\/index.php\/wp-json\/wp\/v2\/pages"}],"about":[{"href":"https:\/\/allonge.de\/index.php\/wp-json\/wp\/v2\/types\/page"}],"author":[{"embeddable":true,"href":"https:\/\/allonge.de\/index.php\/wp-json\/wp\/v2\/users\/1"}],"replies":[{"embeddable":true,"href":"https:\/\/allonge.de\/index.php\/wp-json\/wp\/v2\/comments?post=1201"}],"version-history":[{"count":2,"href":"https:\/\/allonge.de\/index.php\/wp-json\/wp\/v2\/pages\/1201\/revisions"}],"predecessor-version":[{"id":1216,"href":"https:\/\/allonge.de\/index.php\/wp-json\/wp\/v2\/pages\/1201\/revisions\/1216"}],"wp:attachment":[{"href":"https:\/\/allonge.de\/index.php\/wp-json\/wp\/v2\/media?parent=1201"}],"curies":[{"name":"wp","href":"https:\/\/api.w.org\/{rel}","templated":true}]}}